{"id":32,"date":"2022-02-15T11:02:41","date_gmt":"2022-02-15T10:02:41","guid":{"rendered":"https:\/\/www.sivikscampinglysekil.se\/?page_id=32"},"modified":"2026-05-03T07:41:48","modified_gmt":"2026-05-03T06:41:48","slug":"kontakt","status":"publish","type":"page","link":"https:\/\/www.sivikscampinglysekil.se\/en\/kontakt\/","title":{"rendered":"Contact"},"content":{"rendered":"<section class=\"section\" id=\"section_1012060348\">\n\t\t<div class=\"section-bg fill\" >\n\t\t\t\t\t\t\t\t\t\n\t\t\t\n\n\t\t<\/div>\n\n\t\t\n\n\t\t<div class=\"section-content relative\">\n\t\t\t\n\n  <div id=\"page-header-70998812\" class=\"page-header-wrapper\">\n  <div class=\"page-title dark featured-title has-parallax\">\n\n        <div class=\"page-title-bg\">\n      <div class=\"title-bg fill bg-fill\"\n        data-parallax-container=\".page-title\"\n        data-parallax-background\n data-parallax=\"-4\">\n      <\/div>\n      <div class=\"title-overlay fill\"><\/div>\n    <\/div>\n    \n    <div class=\"page-title-inner container align-bottom text-center flex-row-col medium-flex-wrap\" >\n              <div class=\"title-wrapper is-xlarge flex-col\">\n          <h1 class=\"entry-title mb-0\">\n            Contact          <\/h1>\n        <\/div>\n                    <div class=\"title-content flex-col\">\n        <div class=\"title-breadcrumbs pb-half pt-half\"><\/div>      <\/div>\n    <\/div>\n\n     \n<style>\n#page-header-70998812 .page-title-inner {\n  min-height: 200px;\n}\n#page-header-70998812 .title-bg {\n  background-image: url(https:\/\/www.sivikscampinglysekil.se\/wp-content\/uploads\/2025\/09\/kontakt-768x576.jpg);\n  background-position: 57% 60%;\n}\n@media (min-width:550px) {\n  #page-header-70998812 .page-title-inner {\n    min-height: 350px;\n  }\n}\n<\/style>\n  <\/div>\n    <\/div>\n  \n\n\n\t\t<\/div>\n\n\t\t\n<style>\n#section_1012060348 {\n  padding-top: 30px;\n  padding-bottom: 30px;\n}\n<\/style>\n\t<\/section>\n\t\n\n\t<section class=\"section\" id=\"section_1674672026\">\n\t\t<div class=\"section-bg fill\" >\n\t\t\t\t\t\t\t\t\t\n\t\t\t\n\n\t\t<\/div>\n\n\t\t\t<div class=\"ux-shape-divider ux-shape-divider--top ux-shape-divider--style-waves-opacity-3\">\n\t\t<svg viewbox=\"0 0 1000 300\" xmlns=\"http:\/\/www.w3.org\/2000\/svg\" preserveaspectratio=\"none\">\n\t<path class=\"ux-shape-fill\" opacity=\"0.05\" d=\"M1014 264V386H206L34 300C34 300 344.42 277.16 436 221C542 156 590 160 704 209C811 255 899.11 214.94 979 346L1014 264Z\"\/>\n\t<path class=\"ux-shape-fill\" opacity=\"0.1\" d=\"M-302 55C-302 55 -66.73 263.25 50 214C178 160 283 116 353 141C445.68 174.1 534.28 256.19 588 249C692.9 235 764.52 75.94 855 131C940.61 183.09 1000 254 1000 254V328L-306 338L-302 55Z\"\/>\n\t<path class=\"ux-shape-fill\" opacity=\"0.15\" d=\"M-286 255C-286 255 -72 152 52 126C176 100 255 155 436 227C581.57 284.91 614.7 277.79 708 227C787 184 1009 3.0001 1093 164C1146 265.63 1031 293 1031 293L924 377L-288 389L-286 255Z\"\/>\n\t<path class=\"ux-shape-fill\" opacity=\"0.3\" d=\"M-24 69C-24 69 275.68 370.66 389 314C397 310 622 316 673 356C690.47 369.7 845 224 890 182C944.8 130.85 1018 92 1078 143C1154.12 207.7 1196 242 1196 242L1184 374L-28 386L-24 69Z\"\/>\n\t<path class=\"ux-shape-fill\" d=\"M-12 201C-12 201 58 284 182 258C306 232 342.29 221.23 456 264C565 305 640.82 288.36 721 249C776 222 837.5 191.31 935 253C984 284 1030 279 1030 279L1024 430L-12 440V201Z\"\/>\n<\/svg>\n\t<\/div>\n\n\t<div class=\"ux-shape-divider ux-shape-divider--bottom ux-shape-divider--style-waves-opacity-3\">\n\t\t<svg viewbox=\"0 0 1000 300\" xmlns=\"http:\/\/www.w3.org\/2000\/svg\" preserveaspectratio=\"none\">\n\t<path class=\"ux-shape-fill\" opacity=\"0.05\" d=\"M1014 264V386H206L34 300C34 300 344.42 277.16 436 221C542 156 590 160 704 209C811 255 899.11 214.94 979 346L1014 264Z\"\/>\n\t<path class=\"ux-shape-fill\" opacity=\"0.1\" d=\"M-302 55C-302 55 -66.73 263.25 50 214C178 160 283 116 353 141C445.68 174.1 534.28 256.19 588 249C692.9 235 764.52 75.94 855 131C940.61 183.09 1000 254 1000 254V328L-306 338L-302 55Z\"\/>\n\t<path class=\"ux-shape-fill\" opacity=\"0.15\" d=\"M-286 255C-286 255 -72 152 52 126C176 100 255 155 436 227C581.57 284.91 614.7 277.79 708 227C787 184 1009 3.0001 1093 164C1146 265.63 1031 293 1031 293L924 377L-288 389L-286 255Z\"\/>\n\t<path class=\"ux-shape-fill\" opacity=\"0.3\" d=\"M-24 69C-24 69 275.68 370.66 389 314C397 310 622 316 673 356C690.47 369.7 845 224 890 182C944.8 130.85 1018 92 1078 143C1154.12 207.7 1196 242 1196 242L1184 374L-28 386L-24 69Z\"\/>\n\t<path class=\"ux-shape-fill\" d=\"M-12 201C-12 201 58 284 182 258C306 232 342.29 221.23 456 264C565 305 640.82 288.36 721 249C776 222 837.5 191.31 935 253C984 284 1030 279 1030 279L1024 430L-12 440V201Z\"\/>\n<\/svg>\n\t<\/div>\n\n\t\t<div class=\"section-content relative\">\n\t\t\t\n\n<div class=\"row row-full-width align-middle align-center\"  id=\"row-752310999\">\n\n\n\t<div id=\"col-1556473182\" class=\"col medium-12 small-12 large-10\"  >\n\t\t\t\t<div class=\"col-inner box-shadow-2\" style=\"background-color:rgb(255,255,255);\" >\n\t\t\t\n\t\t\t\n\n<div class=\"row align-center\" style=\"max-width:110%\" id=\"row-1322955518\">\n\n\n\t<div id=\"col-340945263\" class=\"col medium-12 small-12 large-3\"  >\n\t\t\t\t<div class=\"col-inner text-left\"  >\n\t\t\t\n\t\t\t\n\n\t<div id=\"text-62423397\" class=\"text\">\n\t\t\n\n<h2>Contact Us<\/h2>\n\t\t\n<style>\n#text-62423397 {\n  text-align: left;\n}\n<\/style>\n\t<\/div>\n\t\n\t<div id=\"text-897440779\" class=\"text\">\n\t\t\n\n<p><span style=\"font-size: 100%;\"><strong>Siviks Camping (part of Bil och Fritid i Lysekil AB)<\/strong><\/span><\/p>\n<p><span style=\"font-size: 100%;\">Tr\u00e4leberg 172<\/span><br \/><span style=\"font-size: 100%;\">453 92 Lysekil<\/span><br \/><span style=\"font-size: 100%;\">Phone: <a href=\"tel:0523611528\">0523-61 15 28\u00a0<\/a><\/span><\/p>\n<p><span style=\"font-size: 100%;\">E-mail: <a href=\"mailto:info@sivikscampinglysekil.se\">info@sivikscampinglysekil.se<\/a><\/span><\/p>\n<p data-start=\"62\" data-end=\"76\"><strong data-start=\"62\" data-end=\"76\">Opening hours<\/strong><\/p>\n<p data-start=\"78\" data-end=\"164\">M\u00e5ndag\u2013Torsdag: 09:00 \u2013 17:00<br data-start=\"107\" data-end=\"110\" \/>Fredag\u2013L\u00f6rdag: 09:00 \u2013 18:00<br data-start=\"138\" data-end=\"141\" \/>S\u00f6ndag: 09:00 \u2013 15:00<\/p>\n<p data-start=\"166\" data-end=\"199\"><strong data-start=\"166\" data-end=\"185\">Kristi himmelsf\u00e4rds helg:<\/strong> (Tor, Fre, L\u00f6r, 09:00 \u2013 18:00)<\/p>\n<p><span style=\"font-size: 100%;\"><strong>Restaurant Havsbaren:<br \/><\/strong>Open all season<br \/><strong>Opening hours<\/strong><br \/>Sunday \u2013 Thursday: Closed<br \/>Friday \u2013 Saturday: 2-11 PM<\/span><\/p>\n<p><span style=\"font-size: 100%;\">Phone: <a href=\"tel:0761507631\">0761507631<\/a><\/span><br \/><span style=\"font-size: 100%;\">E-mail: <a href=\"mailto:ote1@live.se\">ote1@live.se<\/a><\/span><\/p>\n\t\t\n<style>\n#text-897440779 {\n  text-align: left;\n}\n<\/style>\n\t<\/div>\n\t\n\n\t\t<\/div>\n\t\t\t\t\n<style>\n#col-340945263 > .col-inner {\n  padding: 25px 25px 25px 25px;\n}\n<\/style>\n\t<\/div>\n\n\t\n\n\t<div id=\"col-759899134\" class=\"col medium-12 small-12 large-4\"  >\n\t\t\t\t<div class=\"col-inner text-center box-shadow-2\" style=\"background-color:#efebe1;\" >\n\t\t\t\n\t\t\t\n\n\n\n<div class=\"camping-info-wrapper\" style=\"width: 100%; max-width: 700px; margin: 0 auto; text-align: center; color: #333; line-height: 1.4;\">\n    \n    <div style=\"width: 100%; margin-bottom: 20px; border-radius: 6px; overflow: hidden; box-shadow: 0 2px 10px rgba(0,0,0,0.1);\">\n        <img decoding=\"async\" src=\"https:\/\/www.sivikscampinglysekil.se\/wp-content\/uploads\/2026\/04\/En-solig-camping-vid-kusten.png\" \n             alt=\"Solig camping vid kusten\" \n             style=\"width: 100%; height: 350px; object-fit: cover; display: block;\">\n    <\/div>\n\n    <div style=\"width: 100%; padding: 0 10px; box-sizing: border-box;\">\n        <h2 style=\"font-weight: 800; text-transform: uppercase; margin: 0 0 5px 0; font-size: 1.6em; line-height: 1.2;\">Vi startar s\u00e4songen 15\/4<\/h2>\n        <p style=\"font-size: 1.05em; margin-bottom: 25px; opacity: 0.8;\">Varmt v\u00e4lkomna till s\u00e4song 2026 med start 15 april!<\/p>\n    <\/div>\n\n    <div style=\"width: 100%; background-color: #f0f7ff; padding: 25px 15px; border-radius: 6px; margin-bottom: 30px; border: 1px solid #cce5ff; box-sizing: border-box;\">\n        <h3 style=\"margin-top: 0; color: #0056b3; font-size: 1.3em; margin-bottom: 10px;\">Boka online \u2013 dygnet runt<\/h3>\n        <p style=\"font-size: 0.95em; margin-bottom: 20px;\">\n            Slipp bokningsavgiften och <strong>spara 100 kr<\/strong> vid onlinebokning.\n        <\/p>\n        \n        <a href=\"https:\/\/bokning4.paxess.se\/sivik2?poolType=-1&#038;arrival=&#038;departure=&#038;adults=2&#038;children=0&#038;poolSelection=\" \n           target=\"_blank\" \n           style=\"display: inline-block; width: 100%; max-width: 280px; background-color: #007bff; color: #ffffff !important; padding: 12px 0; border-radius: 4px; font-weight: bold; font-size: 0.95em; text-decoration: none; text-transform: uppercase; box-shadow: 0 2px 6px rgba(0,123,255,0.2);\">\n            Till onlinebokningen\n        <\/a>\n    <\/div>\n\n    <div style=\"width: 100%; padding-top: 20px; border-top: 1px solid #eee;\">\n        <div style=\"display: flex; flex-direction: row; justify-content: center; gap: 15px; flex-wrap: wrap; width: 100%;\">\n            \n            <a href=\"tel:0523611528\" style=\"flex: 1; min-width: 200px; border: 1px solid #eee; padding: 12px; border-radius: 6px; box-sizing: border-box; background: #fff; text-decoration: none; color: inherit; font-size: 0.9em;\">\n                <span style=\"display: block; margin-bottom: 2px; opacity: 0.7;\">Ring oss<\/span>\n                <span style=\"color: #007bff; font-weight: 700;\">0523-61 15 28<\/span>\n            <\/a>\n\n            <a href=\"mailto:info@sivikscampinglysekil.se\" style=\"flex: 1; min-width: 200px; border: 1px solid #eee; padding: 12px; border-radius: 6px; box-sizing: border-box; background: #fff; text-decoration: none; color: inherit; font-size: 0.9em;\">\n                <span style=\"display: block; margin-bottom: 2px; opacity: 0.7;\">Mejla oss<\/span>\n                <span style=\"color: #007bff; font-weight: 700;\">info@sivikscampinglysekil.se<\/span>\n            <\/a>\n\n        <\/div>\n    <\/div>\n<\/div>\n\n\n\t\t<\/div>\n\t\t\t\t\n<style>\n#col-759899134 > .col-inner {\n  padding: 25px 25px 25px 25px;\n  border-radius: 15px;\n}\n<\/style>\n\t<\/div>\n\n\t\n\n\t<div id=\"col-566022887\" class=\"col medium-12 small-12 large-5\"  >\n\t\t\t\t<div class=\"col-inner\"  >\n\t\t\t\n\t\t\t\n\n<h2>Visit us<\/h2>\n<p>Fr\u00e5n <strong data-start=\"101\" data-end=\"142\"><span class=\"hover:entity-accent entity-underline inline cursor-pointer align-baseline\"><span class=\"whitespace-normal\">Brastad<\/span><\/span><\/strong>:<br data-start=\"143\" data-end=\"146\" \/>K\u00f6r s\u00f6derut p\u00e5 v\u00e4g 162 mot <strong data-start=\"173\" data-end=\"214\"><span class=\"hover:entity-accent entity-underline inline cursor-pointer align-baseline\"><span class=\"whitespace-normal\">Lysekil<\/span><\/span><\/strong>.<br data-start=\"215\" data-end=\"218\" \/>Efter n\u00e5gra kilometer, f\u00f6lj skyltning mot Tr\u00e4leberg\/Sivik. Sv\u00e4ng av och f\u00f6lj v\u00e4gen hela v\u00e4gen ner mot kusten \u2013 campingen ligger vid havet.<\/p>\n<div id=\"wpgmza_map\" class=\"wpgmza_map\" data-settings=\"{&quot;id&quot;:&quot;1&quot;,&quot;map_title&quot;:&quot;Min f\\u00f6rsta karta&quot;,&quot;map_width&quot;:&quot;100&quot;,&quot;map_height&quot;:&quot;400&quot;,&quot;map_start_lat&quot;:&quot;58.297453687705286&quot;,&quot;map_start_lng&quot;:&quot;11.44893583200294&quot;,&quot;map_start_location&quot;:&quot;45.950464398418106,-109.81550500000003&quot;,&quot;map_start_zoom&quot;:&quot;15&quot;,&quot;default_marker&quot;:&quot;&quot;,&quot;type&quot;:&quot;0&quot;,&quot;alignment&quot;:&quot;4&quot;,&quot;directions_enabled&quot;:&quot;0&quot;,&quot;styling_enabled&quot;:&quot;0&quot;,&quot;styling_json&quot;:&quot;&quot;,&quot;active&quot;:&quot;0&quot;,&quot;kml&quot;:&quot;&quot;,&quot;bicycle&quot;:&quot;0&quot;,&quot;traffic&quot;:&quot;0&quot;,&quot;dbox&quot;:&quot;0&quot;,&quot;dbox_width&quot;:&quot;&quot;,&quot;listmarkers&quot;:&quot;0&quot;,&quot;listmarkers_advanced&quot;:&quot;0&quot;,&quot;filterbycat&quot;:&quot;0&quot;,&quot;ugm_enabled&quot;:&quot;0&quot;,&quot;ugm_category_enabled&quot;:&quot;0&quot;,&quot;fusion&quot;:&quot;&quot;,&quot;map_width_type&quot;:&quot;%&quot;,&quot;map_height_type&quot;:&quot;px&quot;,&quot;mass_marker_support&quot;:&quot;0&quot;,&quot;ugm_access&quot;:&quot;0&quot;,&quot;order_markers_by&quot;:&quot;0&quot;,&quot;order_markers_choice&quot;:&quot;0&quot;,&quot;show_user_location&quot;:&quot;0&quot;,&quot;default_to&quot;:&quot;&quot;,&quot;other_settings&quot;:{&quot;map_type&quot;:1,&quot;sl_stroke_color&quot;:&quot;&quot;,&quot;sl_fill_color&quot;:&quot;&quot;,&quot;sl_stroke_opacity&quot;:&quot;&quot;,&quot;sl_fill_opacity&quot;:&quot;&quot;,&quot;transport_layer&quot;:false,&quot;action&quot;:&quot;wpgmza_save_map&quot;,&quot;redirect_to&quot;:&quot;\\\/wp-admin\\\/admin-post.php&quot;,&quot;map_id&quot;:&quot;1&quot;,&quot;http_referer&quot;:&quot;\\\/wp-admin\\\/admin.php?page=wp-google-maps-menu&amp;amp;action=edit&amp;amp;map_id=1&quot;,&quot;wpgmza_id&quot;:&quot;1&quot;,&quot;wpgmza_start_location&quot;:&quot;58.297453687705286,11.44893583200294&quot;,&quot;wpgmza_start_zoom&quot;:&quot;15&quot;,&quot;store_locator_enabled&quot;:false,&quot;store_locator_search_area&quot;:&quot;radial&quot;,&quot;wpgmza_store_locator_radius_style&quot;:&quot;legacy&quot;,&quot;wpgmza_store_locator_default_radius&quot;:&quot;10&quot;,&quot;store_locator_auto_area_max_zoom&quot;:&quot;&quot;,&quot;store_locator_distance&quot;:false,&quot;wpgmza_store_locator_position&quot;:false,&quot;store_locator_show_distance&quot;:false,&quot;store_locator_category&quot;:false,&quot;wpgmza_store_locator_use_their_location&quot;:false,&quot;wpgmza_store_locator_bounce&quot;:false,&quot;wpgmza_sl_animation&quot;:null,&quot;wpgmza_store_locator_hide_before_search&quot;:false,&quot;store_locator_query_string&quot;:&quot;&quot;,&quot;store_locator_location_placeholder&quot;:&quot;&quot;,&quot;store_locator_default_address&quot;:&quot;&quot;,&quot;store_locator_name_search&quot;:false,&quot;store_locator_name_string&quot;:&quot;&quot;,&quot;store_locator_not_found_message&quot;:&quot;&quot;,&quot;wpgmza_map_align&quot;:&quot;1&quot;,&quot;jump_to_nearest_marker_on_initialization&quot;:false,&quot;automatically_pan_to_users_location&quot;:false,&quot;override_users_location_zoom_level&quot;:false,&quot;override_users_location_zoom_levels&quot;:&quot;&quot;,&quot;show_distance_from_location&quot;:false,&quot;map_max_zoom&quot;:&quot;21&quot;,&quot;map_min_zoom&quot;:&quot;0&quot;,&quot;click_open_link&quot;:false,&quot;fit_maps_bounds_to_markers&quot;:false,&quot;fit_maps_bounds_to_markers_after_filtering&quot;:false,&quot;hide_point_of_interest&quot;:false,&quot;wpgmza_zoom_on_marker_click&quot;:false,&quot;wpgmza_zoom_on_marker_click_slider&quot;:&quot;&quot;,&quot;close_infowindow_on_map_click&quot;:false,&quot;disable_lightbox_images&quot;:false,&quot;use_Raw_Jpeg_Coordinates&quot;:false,&quot;disable_polygon_info_windows&quot;:false,&quot;enable_marker_ratings&quot;:false,&quot;enable_marker_labels&quot;:false,&quot;only_load_markers_within_viewport&quot;:false,&quot;zoom_level_mobile_override_enabled&quot;:false,&quot;zoom_level_mobile_override&quot;:&quot;&quot;,&quot;iw_primary_color&quot;:&quot;#000000&quot;,&quot;iw_accent_color&quot;:&quot;#000000&quot;,&quot;iw_text_color&quot;:&quot;#000000&quot;,&quot;wpgmza_listmarkers_by&quot;:&quot;0&quot;,&quot;wpgmza_marker_listing_position&quot;:false,&quot;zoom_level_on_marker_listing_override&quot;:false,&quot;zoom_level_on_marker_listing_click&quot;:&quot;&quot;,&quot;marker_listing_disable_zoom&quot;:false,&quot;datatable_no_result_message&quot;:&quot;&quot;,&quot;remove_search_box_datables&quot;:false,&quot;dataTable_pagination_style&quot;:null,&quot;datatable_search_string&quot;:&quot;&quot;,&quot;datatable_result_start&quot;:&quot;&quot;,&quot;datatable_result_of&quot;:&quot;&quot;,&quot;datatable_result_to&quot;:&quot;&quot;,&quot;datatable_result_total&quot;:&quot;&quot;,&quot;datatable_result_show&quot;:&quot;&quot;,&quot;datatable_result_entries&quot;:&quot;&quot;,&quot;wpgmza_savemap&quot;:&quot;Spara Karta \\u00bb&quot;}}\" data-map-id='1' data-maps-engine='open-layers' data-shortcode-attributes=\"{&quot;id&quot;:&quot;1&quot;}\" style=\"display:block; overflow:auto; width:100%; height:400px; float:left;\"><\/div>\n\n\t\t<\/div>\n\t\t\t\t\n<style>\n#col-566022887 > .col-inner {\n  padding: 25px 25px 25px 25px;\n  border-radius: 15px;\n}\n<\/style>\n\t<\/div>\n\n\t\n\n<\/div>\n\n\t\t<\/div>\n\t\t\t\t\n<style>\n#col-1556473182 > .col-inner {\n  padding: 25px 25px 25px 25px;\n  border-radius: 10px;\n}\n<\/style>\n\t<\/div>\n\n\t\n\n<\/div>\n\t<div id=\"gap-1436615133\" class=\"gap-element clearfix\" style=\"display:block; height:auto;\">\n\t\t\n<style>\n#gap-1436615133 {\n  padding-top: 80px;\n}\n<\/style>\n\t<\/div>\n\t\n\n\n\t\t<\/div>\n\n\t\t\n<style>\n#section_1674672026 {\n  padding-top: 50px;\n  padding-bottom: 50px;\n  background-color: rgb(239, 235, 225);\n}\n#section_1674672026 .ux-shape-divider--top svg {\n  height: 150px;\n  --divider-top-width: 100%;\n}\n#section_1674672026 .ux-shape-divider--top .ux-shape-fill {\n  fill: rgb(255,255,255);\n}\n#section_1674672026 .ux-shape-divider--bottom svg {\n  height: 150px;\n  --divider-width: 100%;\n}\n@media (min-width:550px) {\n  #section_1674672026 {\n    padding-top: 50px;\n    padding-bottom: 50px;\n  }\n}\n<\/style>\n\t<\/section>","protected":false},"excerpt":{"rendered":"","protected":false},"author":1,"featured_media":0,"parent":0,"menu_order":0,"comment_status":"closed","ping_status":"closed","template":"","meta":{"footnotes":""},"class_list":["post-32","page","type-page","status-publish","hentry"],"_links":{"self":[{"href":"https:\/\/www.sivikscampinglysekil.se\/en\/wp-json\/wp\/v2\/pages\/32","targetHints":{"allow":["GET"]}}],"collection":[{"href":"https:\/\/www.sivikscampinglysekil.se\/en\/wp-json\/wp\/v2\/pages"}],"about":[{"href":"https:\/\/www.sivikscampinglysekil.se\/en\/wp-json\/wp\/v2\/types\/page"}],"author":[{"embeddable":true,"href":"https:\/\/www.sivikscampinglysekil.se\/en\/wp-json\/wp\/v2\/users\/1"}],"replies":[{"embeddable":true,"href":"https:\/\/www.sivikscampinglysekil.se\/en\/wp-json\/wp\/v2\/comments?post=32"}],"version-history":[{"count":23,"href":"https:\/\/www.sivikscampinglysekil.se\/en\/wp-json\/wp\/v2\/pages\/32\/revisions"}],"predecessor-version":[{"id":1106,"href":"https:\/\/www.sivikscampinglysekil.se\/en\/wp-json\/wp\/v2\/pages\/32\/revisions\/1106"}],"wp:attachment":[{"href":"https:\/\/www.sivikscampinglysekil.se\/en\/wp-json\/wp\/v2\/media?parent=32"}],"curies":[{"name":"wp","href":"https:\/\/api.w.org\/{rel}","templated":true}]}}