{"id":21,"date":"2022-02-15T10:44:17","date_gmt":"2022-02-15T09:44:17","guid":{"rendered":"https:\/\/www.sivikscampinglysekil.se\/?page_id=21"},"modified":"2026-04-09T16:19:38","modified_gmt":"2026-04-09T15:19:38","slug":"bokning","status":"publish","type":"page","link":"https:\/\/www.sivikscampinglysekil.se\/en\/bokning\/","title":{"rendered":"Reservation"},"content":{"rendered":"<section class=\"section\" id=\"section_1965911333\">\n\t\t<div class=\"section-bg fill\" >\n\t\t\t\t\t\t\t\t\t\n\t\t\t\n\n\t\t<\/div>\n\n\t\t\n\n\t\t<div class=\"section-content relative\">\n\t\t\t\n\n  <div id=\"page-header-108037202\" class=\"page-header-wrapper\">\n  <div class=\"page-title dark featured-title has-parallax\">\n\n        <div class=\"page-title-bg\">\n      <div class=\"title-bg fill bg-fill\"\n        data-parallax-container=\".page-title\"\n        data-parallax-background\n data-parallax=\"-2\">\n      <\/div>\n      <div class=\"title-overlay fill\"><\/div>\n    <\/div>\n    \n    <div class=\"page-title-inner container align-bottom text-center flex-row-col medium-flex-wrap\" >\n              <div class=\"title-wrapper is-xlarge flex-col\">\n          <h1 class=\"entry-title mb-0\">\n            Reservation          <\/h1>\n        <\/div>\n                    <div class=\"title-content flex-col\">\n        <div class=\"title-breadcrumbs pb-half pt-half\"><\/div>      <\/div>\n    <\/div>\n\n     \n<style>\n#page-header-108037202 .page-title-inner {\n  min-height: 200px;\n}\n#page-header-108037202 .title-bg {\n  background-image: url(https:\/\/www.sivikscampinglysekil.se\/wp-content\/uploads\/2025\/09\/bokning.jpg);\n  background-position: 52% 100%;\n}\n@media (min-width:550px) {\n  #page-header-108037202 .page-title-inner {\n    min-height: 300px;\n  }\n}\n<\/style>\n  <\/div>\n    <\/div>\n  \n\n\n\t\t<\/div>\n\n\t\t\n<style>\n#section_1965911333 {\n  padding-top: 30px;\n  padding-bottom: 30px;\n}\n<\/style>\n\t<\/section>\n\t\n\n\t<section class=\"section\" id=\"section_1404586420\">\n\t\t<div class=\"section-bg fill\" >\n\t\t\t\t\t\t\t\t\t\n\t\t\t\n\n\t\t<\/div>\n\n\t\t\t<div class=\"ux-shape-divider ux-shape-divider--top ux-shape-divider--style-waves-opacity-3\">\n\t\t<svg viewbox=\"0 0 1000 300\" xmlns=\"http:\/\/www.w3.org\/2000\/svg\" preserveaspectratio=\"none\">\n\t<path class=\"ux-shape-fill\" opacity=\"0.05\" d=\"M1014 264V386H206L34 300C34 300 344.42 277.16 436 221C542 156 590 160 704 209C811 255 899.11 214.94 979 346L1014 264Z\"\/>\n\t<path class=\"ux-shape-fill\" opacity=\"0.1\" d=\"M-302 55C-302 55 -66.73 263.25 50 214C178 160 283 116 353 141C445.68 174.1 534.28 256.19 588 249C692.9 235 764.52 75.94 855 131C940.61 183.09 1000 254 1000 254V328L-306 338L-302 55Z\"\/>\n\t<path class=\"ux-shape-fill\" opacity=\"0.15\" d=\"M-286 255C-286 255 -72 152 52 126C176 100 255 155 436 227C581.57 284.91 614.7 277.79 708 227C787 184 1009 3.0001 1093 164C1146 265.63 1031 293 1031 293L924 377L-288 389L-286 255Z\"\/>\n\t<path class=\"ux-shape-fill\" opacity=\"0.3\" d=\"M-24 69C-24 69 275.68 370.66 389 314C397 310 622 316 673 356C690.47 369.7 845 224 890 182C944.8 130.85 1018 92 1078 143C1154.12 207.7 1196 242 1196 242L1184 374L-28 386L-24 69Z\"\/>\n\t<path class=\"ux-shape-fill\" d=\"M-12 201C-12 201 58 284 182 258C306 232 342.29 221.23 456 264C565 305 640.82 288.36 721 249C776 222 837.5 191.31 935 253C984 284 1030 279 1030 279L1024 430L-12 440V201Z\"\/>\n<\/svg>\n\t<\/div>\n\n\t<div class=\"ux-shape-divider ux-shape-divider--bottom ux-shape-divider--style-waves-opacity-3\">\n\t\t<svg viewbox=\"0 0 1000 300\" xmlns=\"http:\/\/www.w3.org\/2000\/svg\" preserveaspectratio=\"none\">\n\t<path class=\"ux-shape-fill\" opacity=\"0.05\" d=\"M1014 264V386H206L34 300C34 300 344.42 277.16 436 221C542 156 590 160 704 209C811 255 899.11 214.94 979 346L1014 264Z\"\/>\n\t<path class=\"ux-shape-fill\" opacity=\"0.1\" d=\"M-302 55C-302 55 -66.73 263.25 50 214C178 160 283 116 353 141C445.68 174.1 534.28 256.19 588 249C692.9 235 764.52 75.94 855 131C940.61 183.09 1000 254 1000 254V328L-306 338L-302 55Z\"\/>\n\t<path class=\"ux-shape-fill\" opacity=\"0.15\" d=\"M-286 255C-286 255 -72 152 52 126C176 100 255 155 436 227C581.57 284.91 614.7 277.79 708 227C787 184 1009 3.0001 1093 164C1146 265.63 1031 293 1031 293L924 377L-288 389L-286 255Z\"\/>\n\t<path class=\"ux-shape-fill\" opacity=\"0.3\" d=\"M-24 69C-24 69 275.68 370.66 389 314C397 310 622 316 673 356C690.47 369.7 845 224 890 182C944.8 130.85 1018 92 1078 143C1154.12 207.7 1196 242 1196 242L1184 374L-28 386L-24 69Z\"\/>\n\t<path class=\"ux-shape-fill\" d=\"M-12 201C-12 201 58 284 182 258C306 232 342.29 221.23 456 264C565 305 640.82 288.36 721 249C776 222 837.5 191.31 935 253C984 284 1030 279 1030 279L1024 430L-12 440V201Z\"\/>\n<\/svg>\n\t<\/div>\n\n\t\t<div class=\"section-content relative\">\n\t\t\t\n\n<div class=\"row row-full-width align-middle align-center\"  id=\"row-556276773\">\n\n\n\t<div id=\"col-452861363\" class=\"col medium-11 small-12 large-6\"  >\n\t\t\t\t<div class=\"col-inner box-shadow-2\" style=\"background-color:rgb(255,255,255);\" >\n\t\t\t\n\t\t\t\n\n\t<div id=\"text-2492873595\" class=\"text\">\n\t\t\n\n<h2>Booking information<\/h2>\n\t\t\n<style>\n#text-2492873595 {\n  text-align: left;\n}\n<\/style>\n\t<\/div>\n\t\n<div class=\"is-divider divider clearfix\" style=\"margin-top:0px;margin-bottom:0px;background-color:#4986ff;\"><\/div>\n\n\t<div id=\"text-2798456151\" class=\"text\">\n\t\t\n\n<p style=\"text-align: left;\"><span style=\"font-size: 100%;\">-If you want to book a campsite online with arrival on the same day, this must be done before 12:00. After 12:00, online booking is closed for same-day arrivals and you can instead book via email or telephone, and then a booking fee of 100 SEK will be added. It is not possible to book caravans with arrival on the same day online, but the booking must be made via telephone or email, and then a booking fee of 100 SEK will be added.<br \/><br \/><\/span><span style=\"font-size: 100%;\">-When you book online, a payment link will be sent directly to your mobile phone via SMS and you will then have 30 minutes to pay. After this, the order will be cancelled if no payment has been made.<\/span><\/p>\n<p style=\"text-align: left;\"><span style=\"font-size: 100%;\">-It is possible to book with cancellation protection and then you can cancel until 12:00 the day before check-in. Cancellation protection costs 350:- and if you cancel, you will get all your money back except for the 350:- for cancellation protection.<\/span><\/p>\n<p style=\"text-align: left;\"><span style=\"font-size: 100%; color: #ed1c24;\"><strong>NOTE! We only allow trailers on the extra long camping pitches, does not apply to trailers\/caravans!<\/strong><\/span><\/p>\n<p style=\"text-align: left;\"><span style=\"font-size: 130%;\"><strong>Welcome with your booking.<\/strong><\/span><\/p>\n\t\t\n<style>\n#text-2798456151 {\n  text-align: left;\n}\n<\/style>\n\t<\/div>\n\t\n\n  <div class=\"banner has-hover\" id=\"banner-1403767464\">\n          <div class=\"banner-inner fill\">\n        <div class=\"banner-bg fill\" >\n            <img loading=\"lazy\" decoding=\"async\" width=\"1020\" height=\"574\" src=\"https:\/\/www.sivikscampinglysekil.se\/wp-content\/uploads\/2025\/09\/545105451_122203881926316996_7453655760891451973_n-1920x1080.jpg\" class=\"bg attachment-large size-large\" alt=\"\" \/>                        <div class=\"overlay\"><\/div>            \n                    <\/div>\n\t\t\n        <div class=\"banner-layers container\">\n            <div class=\"fill banner-link\"><\/div>            \n\n   <div id=\"text-box-145501296\" class=\"text-box banner-layer x50 md-x50 lg-x50 y50 md-y50 lg-y50 res-text\">\n                     <div data-animate=\"flipInX\">           <div class=\"text-box-content text dark\">\n              \n              <div class=\"text-inner text-center\">\n                  \n\n<h3><span style=\"font-size: 85%;\"><strong>Do you have any questions before or about your booking?<\/strong><\/span><\/h3>\n<a href=\"https:\/\/www.sivikscampinglysekil.se\/en\/kontakt\/\" class=\"button primary box-shadow-3 box-shadow-5-hover reveal-icon\"  style=\"border-radius:15px;\">\n\t\t<span>Contact Us!<\/span>\n\t<i class=\"icon-angle-right\" aria-hidden=\"true\" ><\/i><\/a>\n\n\n\n              <\/div>\n           <\/div>\n       <\/div>                     \n<style>\n#text-box-145501296 {\n  width: 90%;\n}\n#text-box-145501296 .text-box-content {\n  font-size: 150%;\n}\n@media (min-width:550px) {\n  #text-box-145501296 {\n    width: 60%;\n  }\n  #text-box-145501296 .text-box-content {\n    font-size: 150%;\n  }\n}\n@media (min-width:850px) {\n  #text-box-145501296 .text-box-content {\n    font-size: 200%;\n  }\n}\n<\/style>\n    <\/div>\n \n\n        <\/div>\n      <\/div>\n\n            \n<style>\n#banner-1403767464 {\n  padding-top: 400px;\n}\n#banner-1403767464 .overlay {\n  background-color: rgba(0,0,0,.5);\n}\n#banner-1403767464 .banner-bg img {\n  object-position: 46% 56%;\n}\n<\/style>\n  <\/div>\n\n\n\n\t\t<\/div>\n\t\t\t\t\n<style>\n#col-452861363 > .col-inner {\n  padding: 25px 25px 25px 25px;\n  border-radius: 10px;\n}\n<\/style>\n\t<\/div>\n\n\t\n\n\t<div id=\"col-39866614\" class=\"col medium-11 small-12 large-4\"  >\n\t\t\t\t<div class=\"col-inner text-left box-shadow-2\" style=\"background-color:rgb(239, 238, 234);\" >\n\t\t\t\n\t\t\t\n\n\n\n<div class=\"camping-poster\" style=\"width: 100%; max-width: 700px; margin: 0 auto; position: relative; font-family: inherit; color: #333; text-align: center;\">\n    \n    <div style=\"position: relative; width: 100%; border-radius: 12px; overflow: hidden; box-shadow: 0 10px 25px rgba(0,0,0,0.15); line-height: 0;\">\n        <img decoding=\"async\" src=\"https:\/\/www.sivikscampinglysekil.se\/wp-content\/uploads\/2026\/04\/En-solig-camping-vid-kusten.png\" \n             alt=\"Siviks Camping\" \n             style=\"width: 100%; height: 450px; object-fit: cover; display: block;\">\n        \n        <div style=\"position: absolute; top: 20px; right: 20px; background: #ffcc00; color: #000; padding: 10px 15px; border-radius: 50px; font-weight: 900; font-size: 0.9em; box-shadow: 0 4px 10px rgba(0,0,0,0.2); line-height: 1.2; text-transform: uppercase;\">\n            Spara 100 kr<br><small style=\"font-size: 0.7em; font-weight: 600;\">vid onlinebokning<\/small>\n        <\/div>\n\n        <div style=\"position: absolute; bottom: 0; left: 0; right: 0; background: linear-gradient(transparent, rgba(0,0,0,0.7)); padding: 40px 20px 20px; color: #fff; line-height: 1.4;\">\n            <h2 style=\"margin: 0; font-size: 1.8em; text-transform: uppercase; letter-spacing: 1px; color: #fff;\">S\u00e4songsstart 15 april<\/h2>\n            <p style=\"margin: 5px 0 0; font-size: 1.1em; opacity: 0.9;\">Varmt v\u00e4lkomna till en ny sommar hos oss!<\/p>\n        <\/div>\n    <\/div>\n\n    <div style=\"padding: 25px 20px; background: #fff; border-radius: 0 0 12px 12px; margin-top: -10px; position: relative; z-index: 1;\">\n        <p style=\"margin: 0 0 20px; font-size: 1.05em; color: #555;\">\n            Onlinebokningen \u00e4r \u00f6ppen dygnet runt. Boka enkelt n\u00e4r det passar dig och slipp bokningsavgiften helt.\n        <\/p>\n        \n        <a href=\"https:\/\/bokning4.paxess.se\/sivik2?poolType=-1&#038;arrival=&#038;departure=&#038;adults=2&#038;children=0&#038;poolSelection=\" \n           target=\"_blank\" \n           style=\"display: inline-block; width: 100%; max-width: 400px; background-color: #007bff; color: #ffffff !important; padding: 18px 0; border-radius: 6px; font-weight: 800; font-size: 1.1em; text-decoration: none; text-transform: uppercase; box-shadow: 0 5px 15px rgba(0,123,255,0.3); transition: transform 0.2s;\">\n            Boka din sommar nu\n        <\/a>\n\n        <div style=\"margin-top: 20px; font-size: 0.85em; opacity: 0.7;\">\n            Fr\u00e5gor? Ring <a href=\"tel:0523611528\" style=\"color: inherit; font-weight: 700;\">0523-61 15 28<\/a> eller mejla <a href=\"mailto:info@sivikscampinglysekil.se\" style=\"color: inherit; font-weight: 700;\">info@sivikscampinglysekil.se<\/a>\n        <\/div>\n    <\/div>\n<\/div>\n\n\n\t\t<\/div>\n\t\t\t\t\n<style>\n#col-39866614 > .col-inner {\n  padding: 25px 25px 25px 25px;\n  border-radius: 10px;\n}\n<\/style>\n\t<\/div>\n\n\t\n\n<\/div>\n\n\t\t<\/div>\n\n\t\t\n<style>\n#section_1404586420 {\n  padding-top: 50px;\n  padding-bottom: 50px;\n  background-color: rgb(239, 235, 225);\n}\n#section_1404586420 .ux-shape-divider--top svg {\n  height: 150px;\n  --divider-top-width: 100%;\n}\n#section_1404586420 .ux-shape-divider--top .ux-shape-fill {\n  fill: rgb(255,255,255);\n}\n#section_1404586420 .ux-shape-divider--bottom svg {\n  height: 150px;\n  --divider-width: 100%;\n}\n@media (min-width:850px) {\n  #section_1404586420 {\n    padding-top: 30px;\n    padding-bottom: 30px;\n  }\n}\n<\/style>\n\t<\/section>","protected":false},"excerpt":{"rendered":"","protected":false},"author":1,"featured_media":0,"parent":0,"menu_order":0,"comment_status":"closed","ping_status":"closed","template":"","meta":{"footnotes":""},"class_list":["post-21","page","type-page","status-publish","hentry"],"_links":{"self":[{"href":"https:\/\/www.sivikscampinglysekil.se\/en\/wp-json\/wp\/v2\/pages\/21","targetHints":{"allow":["GET"]}}],"collection":[{"href":"https:\/\/www.sivikscampinglysekil.se\/en\/wp-json\/wp\/v2\/pages"}],"about":[{"href":"https:\/\/www.sivikscampinglysekil.se\/en\/wp-json\/wp\/v2\/types\/page"}],"author":[{"embeddable":true,"href":"https:\/\/www.sivikscampinglysekil.se\/en\/wp-json\/wp\/v2\/users\/1"}],"replies":[{"embeddable":true,"href":"https:\/\/www.sivikscampinglysekil.se\/en\/wp-json\/wp\/v2\/comments?post=21"}],"version-history":[{"count":21,"href":"https:\/\/www.sivikscampinglysekil.se\/en\/wp-json\/wp\/v2\/pages\/21\/revisions"}],"predecessor-version":[{"id":1096,"href":"https:\/\/www.sivikscampinglysekil.se\/en\/wp-json\/wp\/v2\/pages\/21\/revisions\/1096"}],"wp:attachment":[{"href":"https:\/\/www.sivikscampinglysekil.se\/en\/wp-json\/wp\/v2\/media?parent=21"}],"curies":[{"name":"wp","href":"https:\/\/api.w.org\/{rel}","templated":true}]}}